{"id":2,"date":"2016-05-10T03:48:21","date_gmt":"2016-05-10T03:48:21","guid":{"rendered":"http:\/\/wp452m.a10-52-158-154.qa.plesk.ru\/wordpress\/?page_id=2"},"modified":"2017-05-04T17:06:41","modified_gmt":"2017-05-04T17:06:41","slug":"sample-page","status":"publish","type":"page","link":"https:\/\/lady-alraune.de\/","title":{"rendered":""},"content":{"rendered":"<p>Lady, Fr\u00e4ulein oder Fee, ich vereine die verschiedensten Gesichter. Als strenge Erzieherin oder als souver\u00e4ne Diva vermag ich in jeder Situation zu \u00fcberzeugen. Doch Vorsicht: Was Sie sich w\u00fcnschen k\u00f6nnte in Erf\u00fcllung gehen!<\/p>\n<p>Mit subtiler Verf\u00fchrung oder strenger Hand, doch stets mit gro\u00dfem Vergn\u00fcgen unterwerfe ich Sie mit einem L\u00e4cheln, f\u00fchre Sie in das Reich Ihrere geheimsten Tr\u00e4ume und erkunde die Grenzen Ihrer Lust.<\/p>\n<p>Die Wahl der Waffen ist gleichg\u00fcltig, ob Peitsche oder strenges Wort, letztlich liegen Sie mir zu F\u00fc\u00dfen und werde mich mit vollem Genuss an meiner Beute weiden.<\/p>\n<p>Als Meisterin der feinen Kunst der Grausamkeit verf\u00fcge ich \u00fcber ein breites Repertoire an Instrumenten um Sie, Ihren K\u00f6rper und Ihren Geist zum klingen zu bringen.<\/p>\n<p>Ich f\u00fchre Sie an den Abgrund ohne Sie dabei aus dem Blick zu verlieren.<\/p>\n<p>Sie werden meinem speziellem Zauber verfallen.<\/p>\n","protected":false},"excerpt":{"rendered":"<p>Lady, Fr\u00e4ulein oder Fee, ich vereine die verschiedensten Gesichter. Als strenge Erzieherin oder als souver\u00e4ne Diva vermag ich in jeder Situation zu \u00fcberzeugen. Doch Vorsicht: Was Sie sich w\u00fcnschen k\u00f6nnte in Erf\u00fcllung gehen! Mit subtiler Verf\u00fchrung oder strenger Hand, doch stets mit gro\u00dfem Vergn\u00fcgen unterwerfe ich Sie mit einem L\u00e4cheln, f\u00fchre Sie in das Reich [&hellip;]<\/p>\n","protected":false},"author":1,"featured_media":0,"parent":0,"menu_order":0,"comment_status":"closed","ping_status":"open","template":"","meta":{"footnotes":""},"_links":{"self":[{"href":"https:\/\/lady-alraune.de\/index.php?rest_route=\/wp\/v2\/pages\/2"}],"collection":[{"href":"https:\/\/lady-alraune.de\/index.php?rest_route=\/wp\/v2\/pages"}],"about":[{"href":"https:\/\/lady-alraune.de\/index.php?rest_route=\/wp\/v2\/types\/page"}],"author":[{"embeddable":true,"href":"https:\/\/lady-alraune.de\/index.php?rest_route=\/wp\/v2\/users\/1"}],"replies":[{"embeddable":true,"href":"https:\/\/lady-alraune.de\/index.php?rest_route=%2Fwp%2Fv2%2Fcomments&post=2"}],"version-history":[{"count":4,"href":"https:\/\/lady-alraune.de\/index.php?rest_route=\/wp\/v2\/pages\/2\/revisions"}],"predecessor-version":[{"id":223,"href":"https:\/\/lady-alraune.de\/index.php?rest_route=\/wp\/v2\/pages\/2\/revisions\/223"}],"wp:attachment":[{"href":"https:\/\/lady-alraune.de\/index.php?rest_route=%2Fwp%2Fv2%2Fmedia&parent=2"}],"curies":[{"name":"wp","href":"https:\/\/api.w.org\/{rel}","templated":true}]}}